{"id":2,"date":"2024-12-13T18:50:37","date_gmt":"2024-12-13T18:50:37","guid":{"rendered":"https:\/\/patologiaclinica.fmvz.unam.mx\/?page_id=2"},"modified":"2025-07-02T21:48:53","modified_gmt":"2025-07-02T21:48:53","slug":"1eritrocitos","status":"publish","type":"page","link":"https:\/\/patologiaclinica.fmvz.unam.mx\/index.php\/1eritrocitos\/","title":{"rendered":"Eritrocitos"},"content":{"rendered":"\t\t<div data-elementor-type=\"wp-page\" data-elementor-id=\"2\" class=\"elementor elementor-2\" data-elementor-post-type=\"page\">\n\t\t\t\t<div class=\"elementor-element elementor-element-3753cb91 e-flex e-con-boxed e-con e-parent\" data-id=\"3753cb91\" data-element_type=\"container\" data-e-type=\"container\" data-settings=\"{&quot;background_background&quot;:&quot;classic&quot;}\">\n\t\t\t\t\t<div class=\"e-con-inner\">\n\t\t\t\t<div class=\"elementor-element elementor-element-3169e53e animated-slow elementor-invisible elementor-widget elementor-widget-heading\" data-id=\"3169e53e\" data-element_type=\"widget\" data-e-type=\"widget\" data-settings=\"{&quot;_animation&quot;:&quot;slideInUp&quot;}\" data-widget_type=\"heading.default\">\n\t\t\t\t<div class=\"elementor-widget-container\">\n\t\t\t\t\t<h2 class=\"elementor-heading-title elementor-size-default\">Principales alteraciones morfol\u00f3gicas de las c\u00e9lulas sangu\u00edneas en perros y gatos.<\/h2>\t\t\t\t<\/div>\n\t\t\t\t<\/div>\n\t\t\t\t<div class=\"elementor-element elementor-element-75624a85 animated-slow elementor-invisible elementor-widget elementor-widget-heading\" data-id=\"75624a85\" data-element_type=\"widget\" data-e-type=\"widget\" data-settings=\"{&quot;_animation&quot;:&quot;slideInUp&quot;}\" data-widget_type=\"heading.default\">\n\t\t\t\t<div class=\"elementor-widget-container\">\n\t\t\t\t\t<h2 class=\"elementor-heading-title elementor-size-default\">CAP\u00cdTULO 1.<BR>\n\nE R I T R O C I T O S<\/h2>\t\t\t\t<\/div>\n\t\t\t\t<\/div>\n\t\t\t\t\t<\/div>\n\t\t\t\t<\/div>\n\t\t<div class=\"elementor-element elementor-element-33c0ad63 e-flex e-con-boxed e-con e-parent\" data-id=\"33c0ad63\" data-element_type=\"container\" data-e-type=\"container\" data-settings=\"{&quot;background_background&quot;:&quot;classic&quot;}\">\n\t\t\t\t\t<div class=\"e-con-inner\">\n\t\t\t\t<div class=\"elementor-element elementor-element-247d6f85 elementor-widget elementor-widget-image-box\" data-id=\"247d6f85\" data-element_type=\"widget\" data-e-type=\"widget\" data-widget_type=\"image-box.default\">\n\t\t\t\t<div class=\"elementor-widget-container\">\n\t\t\t\t\t<div class=\"elementor-image-box-wrapper\"><div class=\"elementor-image-box-content\"><h3 class=\"elementor-image-box-title\">morfolog\u00eda<\/h3><p class=\"elementor-image-box-description\">La forma t\u00edpica del eritrocito para el perro y el gato es un disco bic\u00f3ncavo. La palidez central se puede observar en grados variables en el examen de un frotis de sangre perif\u00e9rica. La palidez central es m\u00e1s prominente en el perro y menos en gatos[7]. En algunas otras especies es distinto.\n<\/p><\/div><\/div>\t\t\t\t<\/div>\n\t\t\t\t<\/div>\n\t\t\t\t<div class=\"elementor-element elementor-element-6ff72dc1 elementor-widget elementor-widget-image-box\" data-id=\"6ff72dc1\" data-element_type=\"widget\" data-e-type=\"widget\" data-widget_type=\"image-box.default\">\n\t\t\t\t<div class=\"elementor-widget-container\">\n\t\t\t\t\t<div class=\"elementor-image-box-wrapper\"><div class=\"elementor-image-box-content\"><h3 class=\"elementor-image-box-title\">Generalidades<\/h3><p class=\"elementor-image-box-description\">Los eritrocitos desempe\u00f1an un papel crucial en el transporte de gases respiratorios, incluyendo ox\u00edgeno y di\u00f3xido de carbono. En mam\u00edferos, los eritrocitos maduros carecen de n\u00facleo, lo que limita su capacidad para sintetizar prote\u00ednas. En consecuencia, su metabolismo energ\u00e9tico se basa en la gluc\u00f3lisis anaer\u00f3bica[7]. <\/p><\/div><\/div>\t\t\t\t<\/div>\n\t\t\t\t<\/div>\n\t\t\t\t\t<\/div>\n\t\t\t\t<\/div>\n\t\t<div class=\"elementor-element elementor-element-1ca9397 e-flex e-con-boxed e-con e-parent\" data-id=\"1ca9397\" data-element_type=\"container\" data-e-type=\"container\">\n\t\t\t\t\t<div class=\"e-con-inner\">\n\t\t<div class=\"elementor-element elementor-element-89dec4a e-con-full e-flex e-con e-child\" data-id=\"89dec4a\" data-element_type=\"container\" data-e-type=\"container\">\n\t\t\t\t<\/div>\n\t\t<div class=\"elementor-element elementor-element-c0190ea e-con-full e-flex e-con e-child\" data-id=\"c0190ea\" data-element_type=\"container\" data-e-type=\"container\">\n\t\t\t\t<\/div>\n\t\t\t\t\t<\/div>\n\t\t\t\t<\/div>\n\t\t<div class=\"elementor-element elementor-element-e0ae4a9 e-flex e-con-boxed e-con e-parent\" data-id=\"e0ae4a9\" data-element_type=\"container\" data-e-type=\"container\">\n\t\t\t\t\t<div class=\"e-con-inner\">\n\t\t<div class=\"elementor-element elementor-element-35ca29d e-con-full e-flex e-con e-child\" data-id=\"35ca29d\" data-element_type=\"container\" data-e-type=\"container\">\n\t\t\t\t<div class=\"elementor-element elementor-element-67cefab elementor-widget elementor-widget-heading\" data-id=\"67cefab\" data-element_type=\"widget\" data-e-type=\"widget\" data-widget_type=\"heading.default\">\n\t\t\t\t<div class=\"elementor-widget-container\">\n\t\t\t\t\t<h2 class=\"elementor-heading-title elementor-size-default\">Eritrocito de perro<\/h2>\t\t\t\t<\/div>\n\t\t\t\t<\/div>\n\t\t\t\t<\/div>\n\t\t<div class=\"elementor-element elementor-element-d807601 e-con-full e-flex e-con e-child\" data-id=\"d807601\" data-element_type=\"container\" data-e-type=\"container\">\n\t\t\t\t<\/div>\n\t\t\t\t\t<\/div>\n\t\t\t\t<\/div>\n\t\t<div class=\"elementor-element elementor-element-a40f110 e-flex e-con-boxed e-con e-parent\" data-id=\"a40f110\" data-element_type=\"container\" data-e-type=\"container\">\n\t\t\t\t\t<div class=\"e-con-inner\">\n\t\t<div class=\"elementor-element elementor-element-0bfc8f3 e-con-full e-flex e-con e-child\" data-id=\"0bfc8f3\" data-element_type=\"container\" data-e-type=\"container\">\n\t\t\t\t<div class=\"elementor-element elementor-element-6a4c563 elementor-widget elementor-widget-text-editor\" data-id=\"6a4c563\" data-element_type=\"widget\" data-e-type=\"widget\" data-widget_type=\"text-editor.default\">\n\t\t\t\t<div class=\"elementor-widget-container\">\n\t\t\t\t\t\t\t\t\t<p>Los eritrocitos de perro son de aproximadamente 7 \u00b5m de di\u00e1metro. En el frotis se observa con palidez central (por la forma bic\u00f3ncava), que es aproximadamente un tercio del di\u00e1metro de la c\u00e9lula[6] [Figura 8].<\/p>\t\t\t\t\t\t\t\t<\/div>\n\t\t\t\t<\/div>\n\t\t\t\t<div class=\"elementor-element elementor-element-5996050 elementor-widget elementor-widget-image\" data-id=\"5996050\" data-element_type=\"widget\" data-e-type=\"widget\" data-widget_type=\"image.default\">\n\t\t\t\t<div class=\"elementor-widget-container\">\n\t\t\t\t\t\t\t\t\t\t\t\t\t\t\t<img fetchpriority=\"high\" decoding=\"async\" width=\"389\" height=\"379\" src=\"https:\/\/patologiaclinica.fmvz.unam.mx\/wp-content\/uploads\/2025\/07\/figura8.jpg\" class=\"attachment-large size-large wp-image-1741\" alt=\"\" srcset=\"https:\/\/patologiaclinica.fmvz.unam.mx\/wp-content\/uploads\/2025\/07\/figura8.jpg 389w, https:\/\/patologiaclinica.fmvz.unam.mx\/wp-content\/uploads\/2025\/07\/figura8-300x292.jpg 300w\" sizes=\"(max-width: 389px) 100vw, 389px\" \/>\t\t\t\t\t\t\t\t\t\t\t\t\t\t\t<\/div>\n\t\t\t\t<\/div>\n\t\t<div class=\"elementor-element elementor-element-1f1b76c e-con-full e-flex e-con e-child\" data-id=\"1f1b76c\" data-element_type=\"container\" data-e-type=\"container\">\n\t\t\t\t<div class=\"elementor-element elementor-element-a6628db elementor-widget elementor-widget-heading\" data-id=\"a6628db\" data-element_type=\"widget\" data-e-type=\"widget\" data-widget_type=\"heading.default\">\n\t\t\t\t<div class=\"elementor-widget-container\">\n\t\t\t\t\t<h2 class=\"elementor-heading-title elementor-size-default\">Figura 8.  Extendido sangu\u00edneo donde se observa eritrocitos de perro (tinci\u00f3n de Diff Quik, 100x).<\/h2>\t\t\t\t<\/div>\n\t\t\t\t<\/div>\n\t\t\t\t<\/div>\n\t\t\t\t<\/div>\n\t\t<div class=\"elementor-element elementor-element-9b9b623 e-con-full e-flex e-con e-child\" data-id=\"9b9b623\" data-element_type=\"container\" data-e-type=\"container\">\n\t\t\t\t<div class=\"elementor-element elementor-element-2667edd elementor-widget elementor-widget-heading\" data-id=\"2667edd\" data-element_type=\"widget\" data-e-type=\"widget\" data-widget_type=\"heading.default\">\n\t\t\t\t<div class=\"elementor-widget-container\">\n\t\t\t\t\t<h2 class=\"elementor-heading-title elementor-size-default\">Eritrocito de gato<\/h2>\t\t\t\t<\/div>\n\t\t\t\t<\/div>\n\t\t\t\t<div class=\"elementor-element elementor-element-30d9e77 elementor-widget elementor-widget-text-editor\" data-id=\"30d9e77\" data-element_type=\"widget\" data-e-type=\"widget\" data-widget_type=\"text-editor.default\">\n\t\t\t\t<div class=\"elementor-widget-container\">\n\t\t\t\t\t\t\t\t\t<p>A diferencia de los perros, en los gatos, sus eritrocitos tienen un aspecto m\u00e1s peque\u00f1o, no pasan de los 6 \u00b5m. Y por esto mismo, la palidez central es m\u00e1s peque\u00f1a o incluso ausente de forma constante[6] [Figura 9].<\/p>\t\t\t\t\t\t\t\t<\/div>\n\t\t\t\t<\/div>\n\t\t\t\t<div class=\"elementor-element elementor-element-1ac9b6b elementor-widget elementor-widget-image\" data-id=\"1ac9b6b\" data-element_type=\"widget\" data-e-type=\"widget\" data-widget_type=\"image.default\">\n\t\t\t\t<div class=\"elementor-widget-container\">\n\t\t\t\t\t\t\t\t\t\t\t\t\t\t\t<img decoding=\"async\" src=\"https:\/\/patologiaclinica.fmvz.unam.mx\/wp-content\/uploads\/2025\/01\/eritrocitogato1.jpg\" title=\"eritrocitogato1\" alt=\"eritrocitogato1\" loading=\"lazy\" \/>\t\t\t\t\t\t\t\t\t\t\t\t\t\t\t<\/div>\n\t\t\t\t<\/div>\n\t\t\t\t<div class=\"elementor-element elementor-element-d70f9bb elementor-widget elementor-widget-text-editor\" data-id=\"d70f9bb\" data-element_type=\"widget\" data-e-type=\"widget\" data-widget_type=\"text-editor.default\">\n\t\t\t\t<div class=\"elementor-widget-container\">\n\t\t\t\t\t\t\t\t\t<p>Figura 9. Extendido sangu\u00edneo donde se observa eritrocitos de gato (tinci\u00f3n de Diff Quik, 100x).<\/p>\t\t\t\t\t\t\t\t<\/div>\n\t\t\t\t<\/div>\n\t\t\t\t<\/div>\n\t\t\t\t\t<\/div>\n\t\t\t\t<\/div>\n\t\t<div class=\"elementor-element elementor-element-0f9f41f e-flex e-con-boxed e-con e-parent\" data-id=\"0f9f41f\" data-element_type=\"container\" data-e-type=\"container\">\n\t\t\t\t\t<div class=\"e-con-inner\">\n\t\t\t\t<div class=\"elementor-element elementor-element-c657aa6 elementor-widget elementor-widget-heading\" data-id=\"c657aa6\" data-element_type=\"widget\" data-e-type=\"widget\" data-widget_type=\"heading.default\">\n\t\t\t\t<div class=\"elementor-widget-container\">\n\t\t\t\t\t<h2 class=\"elementor-heading-title elementor-size-default\">Cantidad de eritrocitos<\/h2>\t\t\t\t<\/div>\n\t\t\t\t<\/div>\n\t\t\t\t\t<\/div>\n\t\t\t\t<\/div>\n\t\t<div class=\"elementor-element elementor-element-048d3c3 e-flex e-con-boxed e-con e-parent\" data-id=\"048d3c3\" data-element_type=\"container\" data-e-type=\"container\">\n\t\t\t\t\t<div class=\"e-con-inner\">\n\t\t\t\t<div class=\"elementor-element elementor-element-6283eac elementor-widget elementor-widget-text-editor\" data-id=\"6283eac\" data-element_type=\"widget\" data-e-type=\"widget\" data-widget_type=\"text-editor.default\">\n\t\t\t\t<div class=\"elementor-widget-container\">\n\t\t\t\t\t\t\t\t\t<p>La unidad de medida que se usa para reportar la cantidad de eritrocitos es en millones por microlitro (\u00b5L), y en cada especie var\u00eda. Cabe destacar que entre mayor sea el tama\u00f1o del eritrocito, menor ser\u00e1 el n\u00famero de los mismos, como se muestra en el siguiente cuadro con respecto a la diferencia entre el perro y el gato[6].<\/p>\t\t\t\t\t\t\t\t<\/div>\n\t\t\t\t<\/div>\n\t\t\t\t\t<\/div>\n\t\t\t\t<\/div>\n\t\t<div class=\"elementor-element elementor-element-2b203bf e-flex e-con-boxed e-con e-parent\" data-id=\"2b203bf\" data-element_type=\"container\" data-e-type=\"container\">\n\t\t\t\t\t<div class=\"e-con-inner\">\n\t\t\t\t<div class=\"elementor-element elementor-element-d2218e2 elementor-widget elementor-widget-image\" data-id=\"d2218e2\" data-element_type=\"widget\" data-e-type=\"widget\" data-widget_type=\"image.default\">\n\t\t\t\t<div class=\"elementor-widget-container\">\n\t\t\t\t\t\t\t\t\t\t\t\t\t\t\t<img decoding=\"async\" width=\"800\" height=\"158\" src=\"https:\/\/patologiaclinica.fmvz.unam.mx\/wp-content\/uploads\/2025\/01\/tabla_eritrocitos-1024x202.png\" class=\"attachment-large size-large wp-image-1557\" alt=\"\" srcset=\"https:\/\/patologiaclinica.fmvz.unam.mx\/wp-content\/uploads\/2025\/01\/tabla_eritrocitos-1024x202.png 1024w, https:\/\/patologiaclinica.fmvz.unam.mx\/wp-content\/uploads\/2025\/01\/tabla_eritrocitos-300x59.png 300w, https:\/\/patologiaclinica.fmvz.unam.mx\/wp-content\/uploads\/2025\/01\/tabla_eritrocitos-768x152.png 768w, https:\/\/patologiaclinica.fmvz.unam.mx\/wp-content\/uploads\/2025\/01\/tabla_eritrocitos-1536x303.png 1536w, https:\/\/patologiaclinica.fmvz.unam.mx\/wp-content\/uploads\/2025\/01\/tabla_eritrocitos-2048x404.png 2048w\" sizes=\"(max-width: 800px) 100vw, 800px\" \/>\t\t\t\t\t\t\t\t\t\t\t\t\t\t\t<\/div>\n\t\t\t\t<\/div>\n\t\t\t\t<div class=\"elementor-element elementor-element-35c8ce0 elementor-widget elementor-widget-text-editor\" data-id=\"35c8ce0\" data-element_type=\"widget\" data-e-type=\"widget\" data-widget_type=\"text-editor.default\">\n\t\t\t\t<div class=\"elementor-widget-container\">\n\t\t\t\t\t\t\t\t\t<p>Arauz MS, Scodellaro CF, Pintos ME. Atlas de Hematolog\u00eda Veterinaria. Buenos Aires, Argentina: UNLP; 2020. p. 26. [PDF]. Disponible en [<a href=\"http:\/\/sedici.unlp.edu.ar\/bitstream\/handle\/10915\/101193\/Documento_completo.pdf-PDFA.pdf?sequence=1&amp;isAllowed=y\">http:\/\/sedici.unlp.edu.ar\/bitstream\/handle\/10915\/101193\/Documento_completo.pdf-PDFA.pdf?sequence=1&amp;isAllowed=y<\/a>] Acceso en [Junio 2023].<\/p>\t\t\t\t\t\t\t\t<\/div>\n\t\t\t\t<\/div>\n\t\t\t\t<div class=\"elementor-element elementor-element-72d8d32 elementor-widget elementor-widget-spacer\" data-id=\"72d8d32\" data-element_type=\"widget\" data-e-type=\"widget\" data-widget_type=\"spacer.default\">\n\t\t\t\t<div class=\"elementor-widget-container\">\n\t\t\t\t\t\t\t<div class=\"elementor-spacer\">\n\t\t\t<div class=\"elementor-spacer-inner\"><\/div>\n\t\t<\/div>\n\t\t\t\t\t\t<\/div>\n\t\t\t\t<\/div>\n\t\t\t\t\t<\/div>\n\t\t\t\t<\/div>\n\t\t<div class=\"elementor-element elementor-element-3ec9ca7 e-flex e-con-boxed e-con e-parent\" data-id=\"3ec9ca7\" data-element_type=\"container\" data-e-type=\"container\">\n\t\t\t\t\t<div class=\"e-con-inner\">\n\t\t\t\t<div class=\"elementor-element elementor-element-d545327 elementor-widget elementor-widget-heading\" data-id=\"d545327\" data-element_type=\"widget\" data-e-type=\"widget\" data-widget_type=\"heading.default\">\n\t\t\t\t<div class=\"elementor-widget-container\">\n\t\t\t\t\t<h2 class=\"elementor-heading-title elementor-size-default\">Alteraciones de la cantidad de eritrocitos<\/h2>\t\t\t\t<\/div>\n\t\t\t\t<\/div>\n\t\t\t\t\t<\/div>\n\t\t\t\t<\/div>\n\t\t<div class=\"elementor-element elementor-element-3a24227 e-flex e-con-boxed e-con e-parent\" data-id=\"3a24227\" data-element_type=\"container\" data-e-type=\"container\">\n\t\t\t\t\t<div class=\"e-con-inner\">\n\t\t\t\t<div class=\"elementor-element elementor-element-b85da9b elementor-widget elementor-widget-text-editor\" data-id=\"b85da9b\" data-element_type=\"widget\" data-e-type=\"widget\" data-widget_type=\"text-editor.default\">\n\t\t\t\t<div class=\"elementor-widget-container\">\n\t\t\t\t\t\t\t\t\t<p>El aumento o la disminuci\u00f3n pueden deberse a muchas y variadas causas como por ejemplo procesos hemol\u00edticos, hemorr\u00e1gicos, etc., por lo que debe ir acompa\u00f1ado de los resultados del hematocrito y la concentraci\u00f3n de hemoglobina para interpretar correctamente las alteraciones de la l\u00ednea roja[6].<\/p><p>El hematocrito es la medida porcentual de eritrocitos en relaci\u00f3n con el volumen sangu\u00edneo[8] [Figura 10].<\/p>\t\t\t\t\t\t\t\t<\/div>\n\t\t\t\t<\/div>\n\t\t\t\t\t<\/div>\n\t\t\t\t<\/div>\n\t\t<div class=\"elementor-element elementor-element-896fe3a e-flex e-con-boxed e-con e-parent\" data-id=\"896fe3a\" data-element_type=\"container\" data-e-type=\"container\">\n\t\t\t\t\t<div class=\"e-con-inner\">\n\t\t\t\t<div class=\"elementor-element elementor-element-35a43c7 elementor-widget elementor-widget-image\" data-id=\"35a43c7\" data-element_type=\"widget\" data-e-type=\"widget\" data-widget_type=\"image.default\">\n\t\t\t\t<div class=\"elementor-widget-container\">\n\t\t\t\t\t\t\t\t\t\t\t\t<figure class=\"wp-caption\">\n\t\t\t\t\t\t\t\t\t\t<img decoding=\"async\" width=\"474\" height=\"282\" src=\"https:\/\/patologiaclinica.fmvz.unam.mx\/wp-content\/uploads\/2025\/01\/cap-1-alteraciones.png\" class=\"attachment-full size-full wp-image-411\" alt=\"\" srcset=\"https:\/\/patologiaclinica.fmvz.unam.mx\/wp-content\/uploads\/2025\/01\/cap-1-alteraciones.png 474w, https:\/\/patologiaclinica.fmvz.unam.mx\/wp-content\/uploads\/2025\/01\/cap-1-alteraciones-300x178.png 300w\" sizes=\"(max-width: 474px) 100vw, 474px\" \/>\t\t\t\t\t\t\t\t\t\t\t<figcaption class=\"widget-image-caption wp-caption-text\">Figura 10. Esquema representativo de sangre separada por fuerza centr\u00edfuga.<\/figcaption>\n\t\t\t\t\t\t\t\t\t\t<\/figure>\n\t\t\t\t\t\t\t\t\t<\/div>\n\t\t\t\t<\/div>\n\t\t\t\t\t<\/div>\n\t\t\t\t<\/div>\n\t\t\t\t<\/div>\n\t\t","protected":false},"excerpt":{"rendered":"<p>Principales alteraciones morfol\u00f3gicas de las c\u00e9lulas sangu\u00edneas en perros y gatos. CAP\u00cdTULO 1. E R I T R O C I T O S morfolog\u00eda La forma t\u00edpica del eritrocito para el perro y el gato es un disco bic\u00f3ncavo. La palidez central se puede observar en grados variables en el examen de un frotis [&hellip;]<\/p>\n","protected":false},"author":1,"featured_media":0,"parent":0,"menu_order":0,"comment_status":"closed","ping_status":"closed","template":"","meta":{"footnotes":""},"class_list":["post-2","page","type-page","status-publish","hentry"],"_links":{"self":[{"href":"https:\/\/patologiaclinica.fmvz.unam.mx\/index.php\/wp-json\/wp\/v2\/pages\/2","targetHints":{"allow":["GET"]}}],"collection":[{"href":"https:\/\/patologiaclinica.fmvz.unam.mx\/index.php\/wp-json\/wp\/v2\/pages"}],"about":[{"href":"https:\/\/patologiaclinica.fmvz.unam.mx\/index.php\/wp-json\/wp\/v2\/types\/page"}],"author":[{"embeddable":true,"href":"https:\/\/patologiaclinica.fmvz.unam.mx\/index.php\/wp-json\/wp\/v2\/users\/1"}],"replies":[{"embeddable":true,"href":"https:\/\/patologiaclinica.fmvz.unam.mx\/index.php\/wp-json\/wp\/v2\/comments?post=2"}],"version-history":[{"count":103,"href":"https:\/\/patologiaclinica.fmvz.unam.mx\/index.php\/wp-json\/wp\/v2\/pages\/2\/revisions"}],"predecessor-version":[{"id":1747,"href":"https:\/\/patologiaclinica.fmvz.unam.mx\/index.php\/wp-json\/wp\/v2\/pages\/2\/revisions\/1747"}],"wp:attachment":[{"href":"https:\/\/patologiaclinica.fmvz.unam.mx\/index.php\/wp-json\/wp\/v2\/media?parent=2"}],"curies":[{"name":"wp","href":"https:\/\/api.w.org\/{rel}","templated":true}]}}