{"id":1002,"date":"2025-01-10T16:39:33","date_gmt":"2025-01-10T16:39:33","guid":{"rendered":"https:\/\/patologiaclinica.fmvz.unam.mx\/?page_id=1002"},"modified":"2025-07-03T18:10:25","modified_gmt":"2025-07-03T18:10:25","slug":"capitulo-2-leucocitos","status":"publish","type":"page","link":"https:\/\/patologiaclinica.fmvz.unam.mx\/index.php\/capitulo-2-leucocitos\/","title":{"rendered":"Cap\u00edtulo 2. Leucocitos"},"content":{"rendered":"\t\t<div data-elementor-type=\"wp-page\" data-elementor-id=\"1002\" class=\"elementor elementor-1002\" data-elementor-post-type=\"page\">\n\t\t\t\t<div class=\"elementor-element elementor-element-1f610bd e-flex e-con-boxed e-con e-parent\" data-id=\"1f610bd\" data-element_type=\"container\" data-e-type=\"container\" data-settings=\"{&quot;background_background&quot;:&quot;classic&quot;}\">\n\t\t\t\t\t<div class=\"e-con-inner\">\n\t\t\t\t<div class=\"elementor-element elementor-element-6168277 animated-slow elementor-invisible elementor-widget elementor-widget-heading\" data-id=\"6168277\" data-element_type=\"widget\" data-e-type=\"widget\" data-settings=\"{&quot;_animation&quot;:&quot;slideInUp&quot;}\" data-widget_type=\"heading.default\">\n\t\t\t\t<div class=\"elementor-widget-container\">\n\t\t\t\t\t<h2 class=\"elementor-heading-title elementor-size-default\">Principales alteraciones morfol\u00f3gicas de las c\u00e9lulas sangu\u00edneas en perros y gatos.<\/h2>\t\t\t\t<\/div>\n\t\t\t\t<\/div>\n\t\t\t\t<div class=\"elementor-element elementor-element-09b37ae animated-slow elementor-invisible elementor-widget elementor-widget-heading\" data-id=\"09b37ae\" data-element_type=\"widget\" data-e-type=\"widget\" data-settings=\"{&quot;_animation&quot;:&quot;slideInUp&quot;}\" data-widget_type=\"heading.default\">\n\t\t\t\t<div class=\"elementor-widget-container\">\n\t\t\t\t\t<h2 class=\"elementor-heading-title elementor-size-default\">CAP\u00cdTULO 2.<BR>\n\nL E U C O C I T O S<\/h2>\t\t\t\t<\/div>\n\t\t\t\t<\/div>\n\t\t\t\t\t<\/div>\n\t\t\t\t<\/div>\n\t\t<div class=\"elementor-element elementor-element-793384c e-flex e-con-boxed e-con e-parent\" data-id=\"793384c\" data-element_type=\"container\" data-e-type=\"container\" data-settings=\"{&quot;background_background&quot;:&quot;classic&quot;}\">\n\t\t\t\t\t<div class=\"e-con-inner\">\n\t\t\t\t<div class=\"elementor-element elementor-element-6be82d1 elementor-widget elementor-widget-image-box\" data-id=\"6be82d1\" data-element_type=\"widget\" data-e-type=\"widget\" data-widget_type=\"image-box.default\">\n\t\t\t\t<div class=\"elementor-widget-container\">\n\t\t\t\t\t<div class=\"elementor-image-box-wrapper\"><div class=\"elementor-image-box-content\"><h3 class=\"elementor-image-box-title\">Generalidades<\/h3><p class=\"elementor-image-box-description\">Los leucocitos son c\u00e9lulas inmunitarias pertenecientes al sistema inmune innato y de respuesta espec\u00edfica. Se dividen en polimorfonucleares o granulocitos y mononucleares o agranulocitos. \nLos polimorfonucleares presentan un n\u00facleo polimorfo (diferentes formas: lobuladas, habas, etc.), su citoplasma presenta gr\u00e1nulos con enzimas hidrol\u00edticas. En perros y en gatos,  estas c\u00e9lulas est\u00e1n representadas por los neutr\u00f3filos, bas\u00f3filos y eosin\u00f3filos. \nLos mononucleares, su n\u00facleo es adentado o redondo, y no presentan gr\u00e1nulos en su citoplasma. Son representados por monocitos y linfocitos[4].\n\n<\/p><\/div><\/div>\t\t\t\t<\/div>\n\t\t\t\t<\/div>\n\t\t\t\t\t<\/div>\n\t\t\t\t<\/div>\n\t\t<div class=\"elementor-element elementor-element-690c1b98 e-flex e-con-boxed e-con e-parent\" data-id=\"690c1b98\" data-element_type=\"container\" data-e-type=\"container\" data-settings=\"{&quot;background_background&quot;:&quot;classic&quot;}\">\n\t\t\t\t\t<div class=\"e-con-inner\">\n\t\t\t\t<div class=\"elementor-element elementor-element-264b125c elementor-widget__width-initial elementor-widget elementor-widget-toggle\" data-id=\"264b125c\" data-element_type=\"widget\" data-e-type=\"widget\" data-widget_type=\"toggle.default\">\n\t\t\t\t<div class=\"elementor-widget-container\">\n\t\t\t\t\t\t\t<div class=\"elementor-toggle\">\n\t\t\t\t\t\t\t<div class=\"elementor-toggle-item\">\n\t\t\t\t\t<h3 id=\"elementor-tab-title-6421\" class=\"elementor-tab-title\" data-tab=\"1\" role=\"button\" aria-controls=\"elementor-tab-content-6421\" aria-expanded=\"false\">\n\t\t\t\t\t\t\t\t\t\t\t\t<span class=\"elementor-toggle-icon elementor-toggle-icon-right\" aria-hidden=\"true\">\n\t\t\t\t\t\t\t\t\t\t\t\t\t\t\t<span class=\"elementor-toggle-icon-closed\"><svg class=\"e-font-icon-svg e-fas-plus\" viewBox=\"0 0 448 512\" xmlns=\"http:\/\/www.w3.org\/2000\/svg\"><path d=\"M416 208H272V64c0-17.67-14.33-32-32-32h-32c-17.67 0-32 14.33-32 32v144H32c-17.67 0-32 14.33-32 32v32c0 17.67 14.33 32 32 32h144v144c0 17.67 14.33 32 32 32h32c17.67 0 32-14.33 32-32V304h144c17.67 0 32-14.33 32-32v-32c0-17.67-14.33-32-32-32z\"><\/path><\/svg><\/span>\n\t\t\t\t\t\t\t\t<span class=\"elementor-toggle-icon-opened\"><svg class=\"elementor-toggle-icon-opened e-font-icon-svg e-fas-minus\" viewBox=\"0 0 448 512\" xmlns=\"http:\/\/www.w3.org\/2000\/svg\"><path d=\"M416 208H32c-17.67 0-32 14.33-32 32v32c0 17.67 14.33 32 32 32h384c17.67 0 32-14.33 32-32v-32c0-17.67-14.33-32-32-32z\"><\/path><\/svg><\/span>\n\t\t\t\t\t\t\t\t\t\t\t\t\t<\/span>\n\t\t\t\t\t\t\t\t\t\t\t\t<a class=\"elementor-toggle-title\" tabindex=\"0\">Neutr\u00f3filo <BR><\/a>\n\t\t\t\t\t<\/h3>\n\n\t\t\t\t\t<div id=\"elementor-tab-content-6421\" class=\"elementor-tab-content elementor-clearfix\" data-tab=\"1\" role=\"region\" aria-labelledby=\"elementor-tab-title-6421\"><p><a href=\"https:\/\/patologiaclinica.fmvz.unam.mx\/index.php\/neutrofilo\/\">Morfolog\u00eda normal del neutr\u00f3filo.<\/a><\/p><p><a href=\"https:\/\/patologiaclinica.fmvz.unam.mx\/index.php\/2-alteraciones-morfologicas-del-neutrofilo\/\">Alteraciones morfol\u00f3gicas del neutr\u00f3filo.<\/a><\/p><\/div>\n\t\t\t\t<\/div>\n\t\t\t\t\t\t\t\t<\/div>\n\t\t\t\t\t\t<\/div>\n\t\t\t\t<\/div>\n\t\t\t\t<div class=\"elementor-element elementor-element-69f075e3 elementor-widget__width-initial elementor-widget elementor-widget-toggle\" data-id=\"69f075e3\" data-element_type=\"widget\" data-e-type=\"widget\" data-widget_type=\"toggle.default\">\n\t\t\t\t<div class=\"elementor-widget-container\">\n\t\t\t\t\t\t\t<div class=\"elementor-toggle\">\n\t\t\t\t\t\t\t<div class=\"elementor-toggle-item\">\n\t\t\t\t\t<h3 id=\"elementor-tab-title-1771\" class=\"elementor-tab-title\" data-tab=\"1\" role=\"button\" aria-controls=\"elementor-tab-content-1771\" aria-expanded=\"false\">\n\t\t\t\t\t\t\t\t\t\t\t\t<span class=\"elementor-toggle-icon elementor-toggle-icon-right\" aria-hidden=\"true\">\n\t\t\t\t\t\t\t\t\t\t\t\t\t\t\t<span class=\"elementor-toggle-icon-closed\"><svg class=\"e-font-icon-svg e-fas-plus\" viewBox=\"0 0 448 512\" xmlns=\"http:\/\/www.w3.org\/2000\/svg\"><path d=\"M416 208H272V64c0-17.67-14.33-32-32-32h-32c-17.67 0-32 14.33-32 32v144H32c-17.67 0-32 14.33-32 32v32c0 17.67 14.33 32 32 32h144v144c0 17.67 14.33 32 32 32h32c17.67 0 32-14.33 32-32V304h144c17.67 0 32-14.33 32-32v-32c0-17.67-14.33-32-32-32z\"><\/path><\/svg><\/span>\n\t\t\t\t\t\t\t\t<span class=\"elementor-toggle-icon-opened\"><svg class=\"elementor-toggle-icon-opened e-font-icon-svg e-fas-minus\" viewBox=\"0 0 448 512\" xmlns=\"http:\/\/www.w3.org\/2000\/svg\"><path d=\"M416 208H32c-17.67 0-32 14.33-32 32v32c0 17.67 14.33 32 32 32h384c17.67 0 32-14.33 32-32v-32c0-17.67-14.33-32-32-32z\"><\/path><\/svg><\/span>\n\t\t\t\t\t\t\t\t\t\t\t\t\t<\/span>\n\t\t\t\t\t\t\t\t\t\t\t\t<a class=\"elementor-toggle-title\" tabindex=\"0\">Linfocito<\/a>\n\t\t\t\t\t<\/h3>\n\n\t\t\t\t\t<div id=\"elementor-tab-content-1771\" class=\"elementor-tab-content elementor-clearfix\" data-tab=\"1\" role=\"region\" aria-labelledby=\"elementor-tab-title-1771\"><p><a href=\"https:\/\/patologiaclinica.fmvz.unam.mx\/index.php\/capitulo-2-linfocito\/\">Generalidades, morfolog\u00eda del linfocito.<\/a><\/p><p><a href=\"https:\/\/patologiaclinica.fmvz.unam.mx\/index.php\/linfocitos-alteraciones-morfologicas\/\">Alteraciones morfol\u00f3gicas.<\/a><\/p><p><a href=\"https:\/\/patologiaclinica.fmvz.unam.mx\/index.php\/linfocitos-microorganismos\/\">Microorganismos leucocitarios.<\/a><\/p><\/div>\n\t\t\t\t<\/div>\n\t\t\t\t\t\t\t\t<\/div>\n\t\t\t\t\t\t<\/div>\n\t\t\t\t<\/div>\n\t\t\t\t\t<\/div>\n\t\t\t\t<\/div>\n\t\t\t\t<\/div>\n\t\t","protected":false},"excerpt":{"rendered":"<p>Principales alteraciones morfol\u00f3gicas de las c\u00e9lulas sangu\u00edneas en perros y gatos. CAP\u00cdTULO 2. L E U C O C I T O S Generalidades Los leucocitos son c\u00e9lulas inmunitarias pertenecientes al sistema inmune innato y de respuesta espec\u00edfica. Se dividen en polimorfonucleares o granulocitos y mononucleares o agranulocitos. Los polimorfonucleares presentan un n\u00facleo polimorfo (diferentes [&hellip;]<\/p>\n","protected":false},"author":1,"featured_media":0,"parent":0,"menu_order":0,"comment_status":"closed","ping_status":"closed","template":"","meta":{"footnotes":""},"class_list":["post-1002","page","type-page","status-publish","hentry"],"_links":{"self":[{"href":"https:\/\/patologiaclinica.fmvz.unam.mx\/index.php\/wp-json\/wp\/v2\/pages\/1002","targetHints":{"allow":["GET"]}}],"collection":[{"href":"https:\/\/patologiaclinica.fmvz.unam.mx\/index.php\/wp-json\/wp\/v2\/pages"}],"about":[{"href":"https:\/\/patologiaclinica.fmvz.unam.mx\/index.php\/wp-json\/wp\/v2\/types\/page"}],"author":[{"embeddable":true,"href":"https:\/\/patologiaclinica.fmvz.unam.mx\/index.php\/wp-json\/wp\/v2\/users\/1"}],"replies":[{"embeddable":true,"href":"https:\/\/patologiaclinica.fmvz.unam.mx\/index.php\/wp-json\/wp\/v2\/comments?post=1002"}],"version-history":[{"count":43,"href":"https:\/\/patologiaclinica.fmvz.unam.mx\/index.php\/wp-json\/wp\/v2\/pages\/1002\/revisions"}],"predecessor-version":[{"id":1786,"href":"https:\/\/patologiaclinica.fmvz.unam.mx\/index.php\/wp-json\/wp\/v2\/pages\/1002\/revisions\/1786"}],"wp:attachment":[{"href":"https:\/\/patologiaclinica.fmvz.unam.mx\/index.php\/wp-json\/wp\/v2\/media?parent=1002"}],"curies":[{"name":"wp","href":"https:\/\/api.w.org\/{rel}","templated":true}]}}